{"id":79781,"date":"2017-11-08T16:10:55","date_gmt":"2017-11-08T20:10:55","guid":{"rendered":"http:\/\/www.fne.gob.cl\/?page_id=79781\/"},"modified":"2017-11-14T17:46:44","modified_gmt":"2017-11-14T21:46:44","slug":"citizen-attention-spaces","status":"publish","type":"page","link":"https:\/\/www.fne.gob.cl\/en\/services\/citizen-attention-spaces\/","title":{"rendered":"Citizen Attention Spaces"},"content":{"rendered":"<p>&nbsp;<\/p>\n<table border=\"1\" cellspacing=\"0\" cellpadding=\"0\">\n<thead>\n<tr>\n<th valign=\"top\">Espacios<\/th>\n<th valign=\"top\">Contacto<\/th>\n<th valign=\"top\">Horario de Atenci\u00f3n<\/th>\n<th valign=\"top\">Responsables<\/th>\n<\/tr>\n<\/thead>\n<tbody>\n<tr>\n<td valign=\"top\"><strong>Abogado de Turno<\/strong><\/td>\n<td valign=\"top\">Hu\u00e9rfanos 670, piso 8, Santiago. Fono: +56 2 2753 5600<\/td>\n<td valign=\"top\"><strong>Atenci\u00f3n Presencial:&nbsp;<\/strong>Lunes a viernes: 09:00 &#8211; 13:00 horas.<br \/>\n<strong>Atenci\u00f3n telef\u00f3nica y&nbsp;virtual:<\/strong> Lunes a jueves: 9:00 &#8211; 13:00 \/ 15:00 &#8211; 17:30 horas. Viernes: 09:00 &#8211; 13:00 \/ 15:00 &#8211; 16:30 horas.<\/td>\n<td valign=\"top\">Jefe de Divisi\u00f3n Litigios<\/td>\n<\/tr>\n<tr>\n<td valign=\"top\"><strong>Oficina Informaci\u00f3n SIAC<\/strong><\/td>\n<td valign=\"top\">Hu\u00e9rfanos 670, piso 8, Santiago.<\/td>\n<td valign=\"top\">Lunes a jueves: 09:00 &#8211; 13:30 \/ 14:30 &#8211; 17:30 horas. Viernes: 09:00 &#8211; 16:30 horas.<\/td>\n<td valign=\"top\">Jefa de Divisi\u00f3n Relaciones Institucionales<\/td>\n<\/tr>\n<tr>\n<td valign=\"top\"><strong>Oficina de Informaci\u00f3n Virtual<\/strong><\/td>\n<td valign=\"top\">Mediante Sitio Web <a href=\"www.fne.gob.cl\">FNE<\/a> o al correo <a href=\"mailto:contactenos@fne.gob.cl\">contactenos@fne.gob.cl<\/a><\/td>\n<td valign=\"top\">Lunes a domingo: 24 horas.<\/td>\n<td valign=\"top\">Jefa de Divisi\u00f3n Relaciones Institucionales<\/td>\n<\/tr>\n<tr>\n<td valign=\"top\"><strong>Denuncia Electr\u00f3nica<\/strong><\/td>\n<td valign=\"top\">Mediante Sitio Web <a href=\"https:\/\/fne.chilesinpapeleo.cl\/tramites\/disponibles\">FNE<\/a><\/td>\n<td valign=\"top\">Lunes a domingo: 24 horas.<\/td>\n<td valign=\"top\">Jefa de Divisi\u00f3n Relaciones Institucionales<\/td>\n<\/tr>\n<tr>\n<td valign=\"top\"><strong>Biblioteca<\/strong><\/td>\n<td valign=\"top\">Hu\u00e9rfanos 670, piso 8, Santiago. Fono: +56 2 2753 5631<\/td>\n<td valign=\"top\">Lunes a jueves: 09:00 &#8211; 13:30 \/ 14:30 &#8211; 17:30 horas. Viernes: 09:00 &#8211; 16:30 horas.<\/td>\n<td valign=\"top\">Jefe de Divisi\u00f3n Administraci\u00f3n y Gesti\u00f3n<\/td>\n<\/tr>\n<\/tbody>\n<\/table>\n","protected":false},"excerpt":{"rendered":"<p>&nbsp; Espacios Contacto Horario de Atenci\u00f3n Responsables Abogado de Turno Hu\u00e9rfanos 670, piso 8, Santiago. Fono: +56 2 2753 5600 Atenci\u00f3n Presencial:&nbsp;Lunes a viernes: 09:00 &#8211; 13:00 horas. Atenci\u00f3n telef\u00f3nica y&nbsp;virtual: Lunes a jueves: 9:00 &#8211; 13:00 \/ 15:00 &#8211; 17:30 horas. Viernes: 09:00 &#8211; 13:00 \/ 15:00 &#8211; 16:30 horas. Jefe de Divisi\u00f3n Litigios [&hellip;]<\/p>\n","protected":false},"author":4,"featured_media":0,"parent":79769,"menu_order":7,"comment_status":"open","ping_status":"open","template":"carta-compromisos.php","meta":{"_acf_changed":false,"ngg_post_thumbnail":0,"footnotes":""},"class_list":["post-79781","page","type-page","status-publish","hentry"],"acf":[],"_links":{"self":[{"href":"https:\/\/www.fne.gob.cl\/en\/wp-json\/wp\/v2\/pages\/79781"}],"collection":[{"href":"https:\/\/www.fne.gob.cl\/en\/wp-json\/wp\/v2\/pages"}],"about":[{"href":"https:\/\/www.fne.gob.cl\/en\/wp-json\/wp\/v2\/types\/page"}],"author":[{"embeddable":true,"href":"https:\/\/www.fne.gob.cl\/en\/wp-json\/wp\/v2\/users\/4"}],"replies":[{"embeddable":true,"href":"https:\/\/www.fne.gob.cl\/en\/wp-json\/wp\/v2\/comments?post=79781"}],"version-history":[{"count":2,"href":"https:\/\/www.fne.gob.cl\/en\/wp-json\/wp\/v2\/pages\/79781\/revisions"}],"predecessor-version":[{"id":80118,"href":"https:\/\/www.fne.gob.cl\/en\/wp-json\/wp\/v2\/pages\/79781\/revisions\/80118"}],"up":[{"embeddable":true,"href":"https:\/\/www.fne.gob.cl\/en\/wp-json\/wp\/v2\/pages\/79769"}],"wp:attachment":[{"href":"https:\/\/www.fne.gob.cl\/en\/wp-json\/wp\/v2\/media?parent=79781"}],"curies":[{"name":"wp","href":"https:\/\/api.w.org\/{rel}","templated":true}]}}